{"id":4261,"date":"2020-11-16T13:22:55","date_gmt":"2020-11-16T11:22:55","guid":{"rendered":"https:\/\/www.unihabit.com\/?page_id=4261"},"modified":"2020-11-16T13:22:55","modified_gmt":"2020-11-16T11:22:55","slug":"condicions-de-venda-i-cancel%c2%b7lacio","status":"publish","type":"page","link":"https:\/\/www.unihabit.com\/ca\/condicions-de-venda-i-cancel%c2%b7lacio\/","title":{"rendered":"Condicions de venda i cancel\u00b7laci\u00f3"},"content":{"rendered":"<p>Les reserves dels allotjaments universitaris d\u2019UNIHABIT es fan exclusivament per mitj\u00e0 d\u2019aquesta p\u00e0gina web.<br \/>\nEn el moment que es fa la reserva s\u2019ha de fer un pagament de 200 euros en concepte de fian\u00e7a, mitjan\u00e7ant targeta de cr\u00e8dit\/d\u00e8bit o per transfer\u00e8ncia banc\u00e0ria.<br \/>\nEn cas de ser admesos, aquesta quantitat anir\u00e0 a compte de la fian\u00e7a definitiva de dues mensualitats del lloguer.<br \/>\nEn cas que no quedin places disponibles es retornar\u00e0 aquest import als sol\u00b7licitants que no hagin estat admesos.<br \/>\nEn cas que el sol\u00b7licitant hagi estat adm\u00e8s per\u00f2 renunci\u00ef a la seva pla\u00e7a, la fian\u00e7a no ser\u00e0 retornada.<br \/>\nRecordeu que cal fer arribar el comprovant bancari d\u2019ingr\u00e9s juntament amb la resta de la documentaci\u00f3 sol\u00b7licitada en el proc\u00e9s de reserva.<br \/>\nPer modificar una reserva online podeu contactar amb el departament de reserves, que us atendr\u00e0 de forma personalitzada mitjan\u00e7ant el n\u00famero de tel\u00e8fon 935 953 953, en horari de dilluns a divendres de 9:00 a 17:00 h, o b\u00e9 mitjan\u00e7ant la direcci\u00f3 de correu electr\u00f2nic<a href=\"mailto:info@unihabit.com\">\u00a0info@unihabit.com<\/a><\/p>\n","protected":false},"excerpt":{"rendered":"<p>Les reserves dels allotjaments universitaris d\u2019UNIHABIT es fan exclusivament per  [&#8230;]<\/p>\n","protected":false},"author":1,"featured_media":0,"parent":0,"menu_order":0,"comment_status":"closed","ping_status":"closed","template":"","meta":{"footnotes":""},"class_list":["post-4261","page","type-page","status-publish","hentry"],"_links":{"self":[{"href":"https:\/\/www.unihabit.com\/ca\/wp-json\/wp\/v2\/pages\/4261","targetHints":{"allow":["GET"]}}],"collection":[{"href":"https:\/\/www.unihabit.com\/ca\/wp-json\/wp\/v2\/pages"}],"about":[{"href":"https:\/\/www.unihabit.com\/ca\/wp-json\/wp\/v2\/types\/page"}],"author":[{"embeddable":true,"href":"https:\/\/www.unihabit.com\/ca\/wp-json\/wp\/v2\/users\/1"}],"replies":[{"embeddable":true,"href":"https:\/\/www.unihabit.com\/ca\/wp-json\/wp\/v2\/comments?post=4261"}],"version-history":[{"count":1,"href":"https:\/\/www.unihabit.com\/ca\/wp-json\/wp\/v2\/pages\/4261\/revisions"}],"predecessor-version":[{"id":4262,"href":"https:\/\/www.unihabit.com\/ca\/wp-json\/wp\/v2\/pages\/4261\/revisions\/4262"}],"wp:attachment":[{"href":"https:\/\/www.unihabit.com\/ca\/wp-json\/wp\/v2\/media?parent=4261"}],"curies":[{"name":"wp","href":"https:\/\/api.w.org\/{rel}","templated":true}]}}