{"id":4287,"date":"2020-11-16T13:32:26","date_gmt":"2020-11-16T11:32:26","guid":{"rendered":"https:\/\/www.unihabit.com\/?page_id=4287"},"modified":"2023-10-11T10:30:47","modified_gmt":"2023-10-11T08:30:47","slug":"nota-legal","status":"publish","type":"page","link":"https:\/\/www.unihabit.com\/ca\/nota-legal\/","title":{"rendered":"Pol\u00edtica de protecci\u00f3 de dades d\u2019Unihabit"},"content":{"rendered":"<div class=\"fusion-fullwidth fullwidth-box fusion-builder-row-1 fusion-flex-container nonhundred-percent-fullwidth non-hundred-percent-height-scrolling\" style=\"--awb-border-radius-top-left:0px;--awb-border-radius-top-right:0px;--awb-border-radius-bottom-right:0px;--awb-border-radius-bottom-left:0px;--awb-flex-wrap:wrap;\" ><div class=\"fusion-builder-row fusion-row fusion-flex-align-items-flex-start fusion-flex-content-wrap\" style=\"max-width:1248px;margin-left: calc(-4% \/ 2 );margin-right: calc(-4% \/ 2 );\"><div class=\"fusion-layout-column fusion_builder_column fusion-builder-column-0 fusion_builder_column_1_1 1_1 fusion-flex-column\" style=\"--awb-bg-size:cover;--awb-width-large:100%;--awb-margin-top-large:0px;--awb-spacing-right-large:1.92%;--awb-margin-bottom-large:0px;--awb-spacing-left-large:1.92%;--awb-width-medium:100%;--awb-spacing-right-medium:1.92%;--awb-spacing-left-medium:1.92%;--awb-width-small:100%;--awb-spacing-right-small:1.92%;--awb-spacing-left-small:1.92%;\"><div class=\"fusion-column-wrapper fusion-flex-justify-content-flex-start fusion-content-layout-column\"><div class=\"fusion-text fusion-text-1\"><h2>Titularitat del web<\/h2>\n<p>Complint amb la Llei 34\/2002, de l\u201911 de juliol de 2002, de Serveis de la Societat de la Informaci\u00f3 i del Comer\u00e7 Electr\u00f2nic, t\u2019informem que la p\u00e0gina web www.unihabit.com \u00e9s de titularitat d\u2019UNIHABIT, amb les dades registrals seg\u00fcents:<\/p>\n<p>Unihabit S.L.<br \/>C\/ Barcelona, 7, entl<br \/>08242 Manresa (Barcelona)<br \/>Inscrita al Registre Mercantil de Barcelona, llom 43349, foli 47, full B426173.<br \/>CIF: B-65854390.<\/p>\n<p>MULTIHABIT 2013, SL<br \/>c\/ Barcelona, 7 entresol 1\u00aa<br \/>08242 Manresa (Barcelona)<br \/>Inscrita en el Registre Mercantil de Barcelona, llom 43873, foli 70, full B440607<br \/>CIF: B-66083668<\/p>\n<p>UTE CAMPUS SANT CUGAT<br \/>Ginjoler, 6, entl<br \/>08242 Manresa (Barcelona)<br \/>Inscrita al Registre Especial d\u2019Unions Temporals d\u2019Empreses del Ministeri d\u2019Hisenda, adscrit a l\u2019Ag\u00e8ncia Estatal d\u2019Administraci\u00f3 Tribut\u00e0ria amb el CIF U-65050536.<\/p>\n<p>UTE d\u2019Aro-Compact Habit Campus de Girona<br \/>Ginjoler, 6, entl<br \/>08242 Manresa (Barcelona)<br \/>Inscrita al Registre Especial d\u2019Unions Temporals d\u2019Empreses del Ministeri d\u2019Hisenda, adscrit a l\u2019Ag\u00e8ncia Estatal d\u2019Administraci\u00f3 Tribut\u00e0ria amb el CIF U-65072928.<\/p>\n<p>Unihabit Campus Manresa S.L.<br \/>c\/ Barcelona, 7 entresol<br \/>08242 Manresa (Barcelona)<br \/>CIF: B-65255366<\/p>\n<h2>Protecci\u00f3 de dades<\/h2>\n<p>Complint amb la Llei Org\u00e0nica 15\/1999, del 13 de desembre de 1999, t\u2019informem que si decideixes facilitar-nos volunt\u00e0riament les teves dades personals, passaran a formar part d\u2019una base de dades, propietat exclusiva d\u2019UNIHABIT, amb la finalitat de poder fer efectiva la teva petici\u00f3 i informar-te peri\u00f2dicament de possibles serveis i dades d\u2019inter\u00e8s. Et recordem que podr\u00e0s exercir quan ho desitgis els teus drets d\u2019acc\u00e9s, modificaci\u00f3 i cancel\u00b7laci\u00f3 dirigint-te a les nostres oficines o per escrit al correu electr\u00f2nic info@unihabit.om.<\/p>\n<h2>Protecci\u00f3 de la informaci\u00f3<\/h2>\n<p>La informaci\u00f3, textos i imatges que apareixen a la p\u00e0gina web s\u00f3n de titularitat exclusiva d\u2019UNIHABIT i no poden ser utilitzats amb finalitats comercials sense el consentiment expl\u00edcit dels seus titulars.<\/p>\n<\/div><\/div><\/div><\/div><\/div>\n","protected":false},"excerpt":{"rendered":"","protected":false},"author":1,"featured_media":0,"parent":0,"menu_order":0,"comment_status":"closed","ping_status":"closed","template":"","meta":{"footnotes":""},"class_list":["post-4287","page","type-page","status-publish","hentry"],"_links":{"self":[{"href":"https:\/\/www.unihabit.com\/ca\/wp-json\/wp\/v2\/pages\/4287","targetHints":{"allow":["GET"]}}],"collection":[{"href":"https:\/\/www.unihabit.com\/ca\/wp-json\/wp\/v2\/pages"}],"about":[{"href":"https:\/\/www.unihabit.com\/ca\/wp-json\/wp\/v2\/types\/page"}],"author":[{"embeddable":true,"href":"https:\/\/www.unihabit.com\/ca\/wp-json\/wp\/v2\/users\/1"}],"replies":[{"embeddable":true,"href":"https:\/\/www.unihabit.com\/ca\/wp-json\/wp\/v2\/comments?post=4287"}],"version-history":[{"count":3,"href":"https:\/\/www.unihabit.com\/ca\/wp-json\/wp\/v2\/pages\/4287\/revisions"}],"predecessor-version":[{"id":11470,"href":"https:\/\/www.unihabit.com\/ca\/wp-json\/wp\/v2\/pages\/4287\/revisions\/11470"}],"wp:attachment":[{"href":"https:\/\/www.unihabit.com\/ca\/wp-json\/wp\/v2\/media?parent=4287"}],"curies":[{"name":"wp","href":"https:\/\/api.w.org\/{rel}","templated":true}]}}