{"id":4321,"date":"2020-11-16T13:57:16","date_gmt":"2020-11-16T11:57:16","guid":{"rendered":"https:\/\/www.unihabit.com\/?page_id=4321"},"modified":"2025-06-26T12:48:15","modified_gmt":"2025-06-26T10:48:15","slug":"us-de-cookies","status":"publish","type":"page","link":"https:\/\/www.unihabit.com\/ca\/us-de-cookies\/","title":{"rendered":"\u00das de cookies"},"content":{"rendered":"<div class=\"fusion-fullwidth fullwidth-box fusion-builder-row-1 fusion-flex-container nonhundred-percent-fullwidth non-hundred-percent-height-scrolling\" style=\"--awb-border-radius-top-left:0px;--awb-border-radius-top-right:0px;--awb-border-radius-bottom-right:0px;--awb-border-radius-bottom-left:0px;--awb-flex-wrap:wrap;\" ><div class=\"fusion-builder-row fusion-row fusion-flex-align-items-flex-start fusion-flex-content-wrap\" style=\"max-width:1248px;margin-left: calc(-4% \/ 2 );margin-right: calc(-4% \/ 2 );\"><div class=\"fusion-layout-column fusion_builder_column fusion-builder-column-0 fusion_builder_column_1_1 1_1 fusion-flex-column\" style=\"--awb-bg-size:cover;--awb-width-large:100%;--awb-margin-top-large:0px;--awb-spacing-right-large:1.92%;--awb-margin-bottom-large:0px;--awb-spacing-left-large:1.92%;--awb-width-medium:100%;--awb-spacing-right-medium:1.92%;--awb-spacing-left-medium:1.92%;--awb-width-small:100%;--awb-spacing-right-small:1.92%;--awb-spacing-left-small:1.92%;\"><div class=\"fusion-column-wrapper fusion-flex-justify-content-flex-start fusion-content-layout-column\"><div class=\"fusion-text fusion-text-1\"><p><strong>1. Definici\u00f3 de cookie<\/strong><br \/>\nLes cookies (galetes) s\u00f3n fitxers que es descarreguen al seu ordinador en accedir a determinades p\u00e0gines web.<br \/>\nPermeten a una p\u00e0gina web, entre altres coses, emmagatzemar i recuperar informaci\u00f3 sobre els h\u00e0bits de navegaci\u00f3 d&#8217;un usuari o del seu equip (prefer\u00e8ncies del lloc, informaci\u00f3 del perfil, etc.) i, depenent de la informaci\u00f3 que continguin i de la forma en qu\u00e8 utilitzi el seu equip, es poden fer servir per a recon\u00e8ixer l&#8217;usuari.<br \/>\nPer a determinades funcions del lloc web <a href=\"https:\/\/www.unihabit.com\/ca\/\">www.unihabit.com<\/a> \u00e9s necessari tenir habilitades les cookies.<\/p>\n<p><strong>2. Quina informaci\u00f3 s\u2019emmagatzema en una cookie?<\/strong><br \/>\nLes cookies no solen emmagatzemar informaci\u00f3 sensible sobre vost\u00e8, com targetes de cr\u00e8dit o dades banc\u00e0ries, fotografies, el n\u00famero de DNI o informaci\u00f3 personal. Les dades que guarden s\u00f3n de car\u00e0cter t\u00e8cnic, prefer\u00e8ncies personals, personalitzaci\u00f3 de continguts, etc. El servidor web no l\u2019associa a vost\u00e8 com a persona, sin\u00f3 al seu navegador.<\/p>\n<p><strong>3. Classificaci\u00f3 de les cookies<\/strong><br \/>\nSegons el per\u00edode en qu\u00e8 resten actives:<br \/>\nDe sessi\u00f3: s\u00f3n cookies temporals que es creen quan l\u2019usuari visita el lloc web i caduquen quan aquest finalitza la sessi\u00f3, per la qual cosa no queden registrades a l\u2019equip.<br \/>\nPersistents: s\u2019emmagatzemen a l\u2019equip m\u00e9s enll\u00e0 de la sessi\u00f3 de navegaci\u00f3. Permeten als llocs web recordar les prefer\u00e8ncies i ajustos de l\u2019usuari quan aquest hi accedeix de nou. Es mantenen actives durant un temps establert, que pot anar des d\u2019alguns minuts fins a diversos anys.<br \/>\nSegons l\u2019entitat que les gestiona:<br \/>\nPr\u00f2pies: s\u00f3n aquelles establertes pel domini del lloc web que s\u2019est\u00e0 visitant i s\u00f3n essencials per al seu funcionament.<br \/>\nDe tercers: provenen d\u2019altres fonts externes, com poden ser anuncis, imatges, etc. inserits a les p\u00e0gines. Tenen finalitats estad\u00edstiques.<br \/>\nSegons la seva finalitat:<br \/>\nT\u00e8cniques: s\u00f3n les m\u00e9s elementals i permeten, entre altres coses, saber si est\u00e0 navegant un hum\u00e0 o una aplicaci\u00f3 automatitzada, si navega un usuari an\u00f2nim o un de registrat, etc. Es tracta de tasques b\u00e0siques per al funcionament de qualsevol web din\u00e0mica.<br \/>\nD\u2019an\u00e0lisi: recullen informaci\u00f3 sobre el tipus de navegaci\u00f3 que s\u2019est\u00e0 realitzant, les secciones que m\u00e9s es visiten, els productes consultats, la franja hor\u00e0ria d\u2019\u00fas, l\u2019idioma, etc. La seva finalitat \u00e9s introduir millores a partir de l\u2019an\u00e0lisi dels comportaments de navegaci\u00f3.<br \/>\nPublicit\u00e0ries: permeten la gesti\u00f3 de la publicitat als espais que s\u2019hagin habilitat a les p\u00e0gines web, en funci\u00f3 de la navegaci\u00f3 de l\u2019usuari, el seu pa\u00eds de proced\u00e8ncia, l\u2019idioma, etc.<\/p>\n<p><strong>4. Quines s\u2019utilitzen, per a qu\u00e8 serveixen i durant quant de temps s\u2019emmagatzemen<\/strong><br \/>\nEl lloc web <a href=\"https:\/\/www.unihabit.com\/ca\/\">www.unihabit.com<\/a> utilitza les seg\u00fcents cookies de tercers per al seu correcte funcionament o per a finalitats estad\u00edstiques i\/o publicit\u00e0ries:<\/p>\n<p>1. Xarxes socials: El lloc www.unihabit.com ha instal\u00b7lat botons de xarxes socials que permeten a l\u2019usuari compartir-hi contingut del seu inter\u00e8s. Les cookies que utilitzen les xarxes socials eviten que l\u2019usuari hagi d\u2019introduir de nou les seves dades per a compartir aquests continguts. Aquests botons no tenen acc\u00e9s a les dades introdu\u00efdes pels usuaris.<br \/>\nPer a m\u00e9s informaci\u00f3 sobre les cookies de terceres gestionades per les xarxes socials vinculades al nostre lloc web, pot visitar els enlla\u00e7os de l\u2019uso que en fa cadascuna d\u2019elles:<br \/>\nTwitter: <a href=\"https:\/\/help.x.com\/es\/rules-and-policies\/x-cookies\" target=\"_blank\" rel=\"noopener\">https:\/\/help.twitter.com\/es\/rules-and-policies\/x-cookies<\/a><br \/>\nFacebook: <a href=\"https:\/\/www.facebook.com\/help\/cookies\" target=\"_blank\" rel=\"noopener\">https:\/\/www.facebook.com\/help\/cookies<\/a><br \/>\nGoogle: <a href=\"https:\/\/www.google.com\/policies\/privacy\/#infocollect\" target=\"_blank\" rel=\"noopener\">https:\/\/www.google.com\/policies\/privacy\/#infocollect<\/a><\/p>\n<p><strong>2. Altres cookies no previstes<\/strong>: Tenint en compte les caracter\u00edstiques d\u2019Internet i dels llocs web, no sempre podem comptar amb la informaci\u00f3 de les cookies que col\u00b7loquen terceres parts a trav\u00e9s del lloc web www.unihabit.com. Aix\u00f2 s\u2019aplica especialment quan la nostra web cont\u00e9 elements integrats: textos, documents, imatges o v\u00eddeos que s\u2019emmagatzemen fora del nostre lloc, per\u00f2 que es mostren a trav\u00e9s d\u2019ell. En conseq\u00fc\u00e8ncia, en cas que es trobi cookies de tercers al nostre web que no estiguin enumerades en la llista anterior, li preguem que ens ho comuniqui. Tamb\u00e9 pot posar-se en contacte directament amb aquest tercer per a demanar-li informaci\u00f3 sobre les cookies que col\u00b7loca, la seva finalitat i durada, i com garanteix la seva privacitat.<\/p>\n<p><strong>5. Acceptaci\u00f3 de la Pol\u00edtica de cookies<\/strong><br \/>\nwww.unihabit.com mostra informaci\u00f3 sobre la seva Pol\u00edtica de cookies a la part superior de qualsevol p\u00e0gina amb cada inici de sessi\u00f3.<br \/>\nDavant aquesta informaci\u00f3 \u00e9s possible dur a terme les seg\u00fcents accions:<br \/>\n1. Acceptar cookies. No es tornar\u00e0 a visualitzar aquest av\u00eds en accedir a qualsevol p\u00e0gina del lloc web durant la sessi\u00f3 actual.<br \/>\n2. M\u00e9s informaci\u00f3. Podr\u00e0 obtenir tota la informaci\u00f3 relacionada amb les cookies que utilitza la web <a href=\"https:\/\/www.unihabit.com\/ca\/\">www.unihabit.com<\/a>.<\/p>\n<p><strong>6. Formes de desactivar-les<\/strong><br \/>\nLes cookies emmagatzemades a l\u2019ordinador poden desactivar-se seguint les indicacions del propi navegador (normalment a trav\u00e9s de l\u2019apartat \u201cajuda\u201d del men\u00fa). Cal tenir present, per\u00f2, que la desactivaci\u00f3 d&#8217;alguna cookie pot impedir o dificultar la navegaci\u00f3 o la prestaci\u00f3 dels serveis oferts en aquesta web.<br \/>\nLi facilitem a continuaci\u00f3 els enlla\u00e7os per a modificar la configuraci\u00f3 de les cookies als principals navegadors:<br \/>\nExplorer: windows.microsoft.com\/es-xl\/internet-explorer\/delete-manage-cookies#ie=&#8221;ie-10&#8243;<br \/>\nFirefox: support.mozilla.org\/es\/kb\/Borrar%20cookies<br \/>\nChrome: support.google.com\/chrome\/answer\/95647?hl=&#8221;es&#8221;<br \/>\nSafari: www.apple.com\/es\/privacy\/use-of-cookies\/<\/p>\n<p>Pot trobar m\u00e9s informaci\u00f3 sobre les cookies i la seva desactivaci\u00f3 a la p\u00e0gina www.aboutcookies.org<\/p>\n<p><strong>7. Es poden eliminar les cookies?<\/strong><br \/>\nS\u00ed. No nom\u00e9s eliminar, sin\u00f3 tamb\u00e9 bloquejar, de forma general o particular per a un domini espec\u00edfic.<br \/>\nPer eliminar les cookies d\u2019un lloc web ha d\u2019anar a la configuraci\u00f3 del seu navegador i all\u00e0 podr\u00e0 cercar les associades al domini en q\u00fcesti\u00f3 i procedir a la seva eliminaci\u00f3.<\/p>\n<p><strong>Notes addicionals<\/strong><br \/>\nNi aquesta web ni els seus representants legals es fan responsables del contingut ni de la veracitat de les pol\u00edtiques de privacitat que puguin tenir els tercers esmentats en aquesta pol\u00edtica de cookies.<br \/>\nEls navegadors web s\u00f3n les eines encarregades d\u2019emmagatzemar les cookies i des d\u2019aquest lloc s\u2019ha de poder fer \u00fas del dret a la seva eliminaci\u00f3 o desactivaci\u00f3. Ni aquesta web ni els seus representants legals poden garantir la correcta o incorrecta manipulaci\u00f3 de les cookies per part dels navegadors.<br \/>\nEn alguns casos \u00e9s necessari instal\u00b7lar cookies perqu\u00e8 el navegador no oblidi la seva decisi\u00f3 de no acceptar-les.<br \/>\nPer a qualsevol dubte o consulta sobre aquesta pol\u00edtica de cookies no dubti en comunicar-se amb nosaltres a trav\u00e9s de la secci\u00f3 de contacte de la web.<\/p>\n<\/div><\/div><\/div><\/div><\/div>\n","protected":false},"excerpt":{"rendered":"","protected":false},"author":1,"featured_media":0,"parent":0,"menu_order":0,"comment_status":"closed","ping_status":"closed","template":"","meta":{"footnotes":""},"class_list":["post-4321","page","type-page","status-publish","hentry"],"_links":{"self":[{"href":"https:\/\/www.unihabit.com\/ca\/wp-json\/wp\/v2\/pages\/4321","targetHints":{"allow":["GET"]}}],"collection":[{"href":"https:\/\/www.unihabit.com\/ca\/wp-json\/wp\/v2\/pages"}],"about":[{"href":"https:\/\/www.unihabit.com\/ca\/wp-json\/wp\/v2\/types\/page"}],"author":[{"embeddable":true,"href":"https:\/\/www.unihabit.com\/ca\/wp-json\/wp\/v2\/users\/1"}],"replies":[{"embeddable":true,"href":"https:\/\/www.unihabit.com\/ca\/wp-json\/wp\/v2\/comments?post=4321"}],"version-history":[{"count":3,"href":"https:\/\/www.unihabit.com\/ca\/wp-json\/wp\/v2\/pages\/4321\/revisions"}],"predecessor-version":[{"id":17273,"href":"https:\/\/www.unihabit.com\/ca\/wp-json\/wp\/v2\/pages\/4321\/revisions\/17273"}],"wp:attachment":[{"href":"https:\/\/www.unihabit.com\/ca\/wp-json\/wp\/v2\/media?parent=4321"}],"curies":[{"name":"wp","href":"https:\/\/api.w.org\/{rel}","templated":true}]}}