{"id":5312,"date":"2020-10-22T10:11:02","date_gmt":"2020-10-22T08:11:02","guid":{"rendered":"https:\/\/www.unihabit.com\/reserva-alojamiento\/"},"modified":"2023-10-19T15:40:23","modified_gmt":"2023-10-19T13:40:23","slug":"reserva-allotjament","status":"publish","type":"page","link":"https:\/\/www.unihabit.com\/ca\/reserva-allotjament\/","title":{"rendered":"Reserva allotjament"},"content":{"rendered":"<p><div class=\"fusion-fullwidth fullwidth-box fusion-builder-row-1 fusion-flex-container nonhundred-percent-fullwidth non-hundred-percent-height-scrolling\" style=\"--awb-border-radius-top-left:0px;--awb-border-radius-top-right:0px;--awb-border-radius-bottom-right:0px;--awb-border-radius-bottom-left:0px;--awb-flex-wrap:wrap;\" ><div class=\"fusion-builder-row fusion-row fusion-flex-align-items-flex-start fusion-flex-content-wrap\" style=\"max-width:1248px;margin-left: calc(-4% \/ 2 );margin-right: calc(-4% \/ 2 );\"><div class=\"fusion-layout-column fusion_builder_column fusion-builder-column-0 fusion_builder_column_1_1 1_1 fusion-flex-column\" style=\"--awb-bg-size:cover;--awb-width-large:100%;--awb-margin-top-large:0px;--awb-spacing-right-large:1.92%;--awb-margin-bottom-large:20px;--awb-spacing-left-large:1.92%;--awb-width-medium:100%;--awb-order-medium:0;--awb-spacing-right-medium:1.92%;--awb-spacing-left-medium:1.92%;--awb-width-small:100%;--awb-order-small:0;--awb-spacing-right-small:1.92%;--awb-spacing-left-small:1.92%;\"><div class=\"fusion-column-wrapper fusion-column-has-shadow fusion-flex-justify-content-flex-start fusion-content-layout-column\"><div class=\"fusion-text fusion-text-1\"><h2>Les reserves dels allotjaments universitaris d\u2019UNIHABIT es realitzen exclusivament a trav\u00e9s d\u2019aquesta p\u00e0gina web. Per fer-ho cal seguir els passos seg\u00fcents:<\/h2>\n<ol>\n<li><strong>Prepara la documentaci\u00f3<br \/>\n<\/strong>Prepara la documentaci\u00f3 necess\u00e0ria per formalitzar la sol\u00b7licitud (envieu els documents digitalitzats en .pdf o .jpeg):<br \/>\n\u2013 Passaport o document d\u2019identitat<br \/>\n\u2013 Documentaci\u00f3 que acrediti la pertinen\u00e7a a la comunitat universit\u00e0ria o educativa<br \/>\n\u2013 C\u00f2pia del comprovant d\u2019ingr\u00e9s de 200 euros en concepte de fian\u00e7a.<br \/>\n<a class=\"wp-colorbox-iframe cboxElement\" href=\"https:\/\/www.unihabit.com\/ca\/detalls-sobre-el-proces-de-pagament\/\" target=\"_blank\" rel=\"noopener\">M\u00e9s detalls sobre el proc\u00e9s de pagament aqu\u00ed<\/a><\/li>\n<li><strong>Sol\u00b7licita allotjament<br \/>\n<\/strong>Emplena la sol\u00b7licitud d\u2019allotjament i envia la reserva. Us recordem que l\u2019adjudicaci\u00f3 d\u2019allotjaments es far\u00e0 per rigor\u00f3s ordre de recepci\u00f3 de les sol\u00b7licituds.<\/li>\n<\/ol>\n<\/div><div class=\"accordian fusion-accordian\" style=\"--awb-border-size:1px;--awb-icon-size:16px;--awb-content-font-size:16px;--awb-icon-alignment:left;--awb-hover-color:#f9f9fb;--awb-border-color:#e2e2e2;--awb-background-color:#ffffff;--awb-divider-color:#e2e2e2;--awb-divider-hover-color:#e2e2e2;--awb-icon-color:#ffffff;--awb-title-color:#d6061e;--awb-content-color:#000000;--awb-icon-box-color:#212934;--awb-toggle-hover-accent-color:#d6061e;--awb-title-font-family:&quot;Source Sans Pro&quot;;--awb-title-font-weight:700;--awb-title-font-style:normal;--awb-title-font-size:28px;--awb-content-font-family:&quot;Source Sans Pro&quot;;--awb-content-font-style:normal;--awb-content-font-weight:regular;\"><div class=\"panel-group fusion-toggle-icon-boxed\" id=\"accordion-5312-1\"><div class=\"fusion-panel panel-default panel-5a511103c358a5b0a fusion-toggle-has-divider\"><div class=\"panel-heading\"><h4 class=\"panel-title toggle\" id=\"toggle_5a511103c358a5b0a\"><a aria-expanded=\"false\" aria-controls=\"5a511103c358a5b0a\" role=\"button\" data-toggle=\"collapse\" data-parent=\"#accordion-5312-1\" data-target=\"#5a511103c358a5b0a\" href=\"#5a511103c358a5b0a\"><span class=\"fusion-toggle-icon-wrapper\" aria-hidden=\"true\"><i class=\"fa-fusion-box active-icon awb-icon-minus\" aria-hidden=\"true\"><\/i><i class=\"fa-fusion-box inactive-icon awb-icon-plus\" aria-hidden=\"true\"><\/i><\/span><span class=\"fusion-toggle-heading\">Consulta aqu\u00ed les condicions de venda i cancel\u00b7laci\u00f3<\/span><\/a><\/h4><\/div><div id=\"5a511103c358a5b0a\" class=\"panel-collapse collapse \" aria-labelledby=\"toggle_5a511103c358a5b0a\"><div class=\"panel-body toggle-content fusion-clearfix\">\n<p>Les reserves dels allotjaments universitaris de UNIHABIT es realitzen exclusivament mitjan\u00e7ant aquesta p\u00e0gina web.<br \/>\nEn el moment en qu\u00e8 es realitza la reserva cal fer un pagament de 200 euros en concepte de fian\u00e7a, mitjan\u00e7ant targeta de cr\u00e8dit \/ d\u00e8bit o per transfer\u00e8ncia banc\u00e0ria.<\/p>\n<p>En el cas de ser admesos, aquesta quantitat anir\u00e0 a compte de la fian\u00e7a definitiva de dues mensualitats de lloguer.<br \/>\nEn el cas que no quedin places disponibles, es retornar\u00e0 aquest import als sol\u00b7licitants que no hagin estat admesos.<br \/>\nEn el cas que el sol\u00b7licitant hagi estat adm\u00e8s per\u00f2 renunci\u00ef a la seva pla\u00e7a, la fian\u00e7a no es retornar\u00e0.<br \/>\nRecordeu que heu d&#8217;enviar el comprovant bancari d&#8217;ingr\u00e9s juntament amb la resta de la documentaci\u00f3 sol\u00b7licitada en el proc\u00e9s de reserva.<br \/>\nPer modificar una reserva online podeu contactar amb el departament de reserves, que us atendr\u00e0 de forma personalitzada mitjan\u00e7ant el n\u00famero de tel\u00e8fon <a href=\"tel:935 953 953\">935 953 953<\/a>, en horari de dilluns a divendres de 9:00 a 17:00 h, o b\u00e9 mitjan\u00e7ant l&#8217;adre\u00e7a de correu electr\u00f2nic <a href=\"mailto:info@unihabit.com\">info@unihabit.com<\/a><\/p>\n<\/div><\/div><\/div><\/div><\/div><div class=\"fusion-separator fusion-full-width-sep\" style=\"align-self: center;margin-left: auto;margin-right: auto;width:100%;\"><div class=\"fusion-separator-border sep-single sep-solid\" style=\"--awb-height:20px;--awb-amount:20px;--awb-sep-color:#020202;border-color:#020202;border-top-width:6px;\"><\/div><\/div><\/div><\/div><\/div><\/div><div class=\"fusion-fullwidth fullwidth-box fusion-builder-row-2 fusion-flex-container nonhundred-percent-fullwidth non-hundred-percent-height-scrolling\" style=\"--awb-border-radius-top-left:0px;--awb-border-radius-top-right:0px;--awb-border-radius-bottom-right:0px;--awb-border-radius-bottom-left:0px;--awb-padding-top:4%;--awb-flex-wrap:wrap;\" ><div class=\"fusion-builder-row fusion-row fusion-flex-align-items-stretch fusion-flex-content-wrap\" style=\"max-width:1248px;margin-left: calc(-4% \/ 2 );margin-right: calc(-4% \/ 2 );\"><div class=\"fusion-layout-column fusion_builder_column fusion-builder-column-1 fusion_builder_column_1_1 1_1 fusion-flex-column\" style=\"--awb-padding-top:20px;--awb-padding-right:20px;--awb-padding-bottom:20px;--awb-padding-left:20px;--awb-bg-size:cover;--awb-border-color:#ededed;--awb-border-top:10px;--awb-border-right:10px;--awb-border-bottom:10px;--awb-border-left:10px;--awb-border-style:solid;--awb-width-large:100%;--awb-margin-top-large:0px;--awb-spacing-right-large:1.92%;--awb-margin-bottom-large:20px;--awb-spacing-left-large:1.92%;--awb-width-medium:100%;--awb-order-medium:0;--awb-spacing-right-medium:1.92%;--awb-spacing-left-medium:1.92%;--awb-width-small:100%;--awb-order-small:0;--awb-spacing-right-small:1.92%;--awb-spacing-left-small:1.92%;\"><div class=\"fusion-column-wrapper fusion-column-has-shadow fusion-flex-justify-content-flex-start fusion-content-layout-column\"><div class=\"fusion-title title fusion-title-1 fusion-sep-none fusion-title-center fusion-title-text fusion-title-size-two\"><h2 class=\"fusion-title-heading title-heading-center\" style=\"margin:0;\">Reserva d&#8217;allotjaments a Barcelona Ciutat Vella, Barcelona Gr\u00e0cia, Girona, Sant Cugat del Vall\u00e8s i Manresa<\/h2><\/div><div class=\"fusion-separator fusion-full-width-sep\" style=\"align-self: center;margin-left: auto;margin-right: auto;margin-top:10px;width:100%;\"><\/div><div id=\"uh-formularireserva\">\n\t<form method=\"post\" action=\"\/ca\/wp-json\/wp\/v2\/pages\/5312\" id=\"unihabit_reserva\">\n\t\t<div class=\"wpex-vc-columns-wrap\">\n\t\t\t<input type=\"hidden\" name=\"pas\" value=\"1\">\n\t\t\t<input type=\"hidden\" name=\"sessio_actual\" value=\"b61f188a45f43466c8d31b87f7200e3a\">\n\t\t\t\t\t\t\n\t\t\t<div class=\"vc_col-sm-4\">\n\t\t\t\t<h3>\n\t\t\t\t\t<strong>1<\/strong><br \/>\n\t\t\t\t\tSelecciona el tipus d'allotjament\n\t\t\t\t<\/h3>\n\t\t\t<\/div>\n\t\t\t<fieldset class=\"vc_col-sm-8\">\n\t\t\t\t<p>Selecciona la resid\u00e8ncia\n\t\t\t\t<span class=\"wpcf7-form-control-wrap id_residencia\">\n\t\t\t\t\t<select id=\"reserva_residencia\" name=\"id_residencia\"  class=\"wpcf7-form-control wpcf7-select wpcf7-validates-as-required\" aria-required=\"true\" aria-invalid=\"false\" required>\n\t\t\t\t\t\t<option value=\"\">---<\/option>\n\t\t\t\t\t\t\t\t\t\t\t\t<option value=\"1\">Habitatges Universitaris Barcelona-Ciutat Vella<\/option>\n\t\t\t\t\t\t\t\t\t\t\t\t<option value=\"2\">Habitatges Universitaris Barcelona-Gr\u00e0cia<\/option>\n\t\t\t\t\t\t\t\t\t\t\t\t<option value=\"5\">Habitatges Universitaris Campus Manresa<\/option>\n\t\t\t\t\t\t\t\t\t\t\t\t<option value=\"4\">Habitatges Universitaris Girona<\/option>\n\t\t\t\t\t\t\t\t\t\t\t\t<option value=\"3\">Habitatges Universitaris Sant Cugat<\/option>\n\t\t\t\t\t\t\t\t\t\t\t<\/select>\n\t\t\t\t<\/span><\/p>\n\t\t\t\t<div id=\"residencia_plena\" class=\"hide\">\n\t\t\t\t\t<p style=\"color:#D6061E;\"><strong>La resid\u00e8ncia seleccionada no t\u00e9 places disponibles<\/strong><\/p>\n\t\t\t\t<\/div>\n\t\t\t\t<div id=\"ocult_pas1\" class=\"hide\">\n\t\t\t\t\t\n\t\t\t\t\t<p>Selecciona el tipus d'habitatge\n\t\t\t\t\t\n\t\t\t\t\t<span class=\"wpcf7-form-control-wrap id_tipus\">\n\t\t\t\t\t\t<select id=\"reserva_tipus\" name=\"id_tipus\" class=\"wpcf7-form-control wpcf7-select wpcf7-validates-as-required\" aria-required=\"true\" aria-invalid=\"false\" required>\n\t\t\t\t\t\t\t<option value=\"\">---<\/option>\n\t\t\t\t\t\t\t\t\t\t\t\t\t<\/select>\n\t\t\t\t\t<\/span> <\/p>\n\t\t\t\t\t\n\t\t\t\t\t<p>Selecciona data d'entrada i sortida<\/p>\n\t\t\t\t\t<div class=\"fila\">\n\t\t\t\t\t\t<div class=\"col c6\">\n\t\t\t\t\t\t\t<label>Data d'entrada (dd\/mm\/YYYY) <br\/>\n\t\t\t\t\t\t\t\t<span class=\"wpcf7-form-control-wrap data-entrada\">\n\t\t\t\t\t\t\t\t\t<input type=\"text\" name=\"data_entrada\" value=\"\" size=\"40\" id=\"data_entrada\" class=\"wpcf7-form-control wpcf7-validates-as-required wpcf7-validates-as-date\" min=\"2026-05-12\" aria-required=\"true\" required \/>\n\n\t\t\t\t\t\t\t\t<\/span>\n\t\t\t\t\t\t\t<\/label>\n\t\t\t\t\t\t\t<label> Data de sortida (dd\/mm\/YYYY) <br \/>\n\t\t\t\t\t\t\t\t<span class=\"wpcf7-form-control-wrap data-sortida\">\t\t\t\t\t\t\t\t\t\n\t\t\t\t\t\t\t\t\t<input type=\"text\" name=\"data_sortida\" value=\"\" size=\"40\" id=\"data_sortida\" class=\"wpcf7-form-control wpcf7-validates-as-required wpcf7-validates-as-date\" min=\"2026-05-12\" aria-required=\"true\" aria-invalid=\"false\" \/>\n\t\t\t\t\t\t\t\t<\/span> \n\t\t\t\t\t\t\t<\/label>\n\t\t\t\t\t\t<\/div>\n\t\t\t\t\t<\/div>\n\t\t\t\t\t\n\t\t\t\t\t<p style=\"padding-top:25px;float:left;\">\n\t\t\t\t\t\t<input type=\"checkbox\" name=\"accepto_privacitat\" required value=\"1\" \/>&nbsp; Accepto la <a href=\"\/ca\/nota-legal\/\" target=\"_blank\">pol\u00edtica de privacitat<\/a>\n\t\t\t\t\t<\/p>\n\t\t\t\t<\/div>\n\t\t\t<\/fieldset>\n\t\t\t<p align=\"right\"><input type=\"submit\" value=\"Guardar i continuar\" class=\"wpcf7-form-control wpcf7-submit\" \/><\/p>\n\t\t<\/div>\t\n\t<\/form>\n<\/div>\t\n\n<script type=\"text\/javascript\">\njQuery(document).ready(function(){\n\n\n\tretorn_tipus = function(id_residencia){\n\t\tif(id_residencia == \"1\")\t\n\t\t\tvar tipus = [\"2\",\"1\",\"5\",\"3\"];\n\t\tif(id_residencia == \"2\")\t\n\t\t\tvar tipus = [\"1\",\"2\"];\n\t\tif(id_residencia == \"5\")\t\n\t\t\tvar tipus = [\"1\",\"2\"];\n\t\tif(id_residencia == \"4\")\t\n\t\t\tvar tipus = [\"1\",\"2\",\"4\"];\n\t\tif(id_residencia == \"3\")\t\n\t\t\tvar tipus = [\"1\",\"2\"];\n\t\treturn tipus;\n\t}\n\tretorn_habitatge = function(id_tipus){\n\t\tvar habitatges= new Array();\n\t\thabitatges[2] = \"Doble\";\n\t\thabitatges[1] = \"Individual\";\n\t\thabitatges[5] = \"Individual superior\";\n\t\thabitatges[4] = \"Loft doble\";\n\t\thabitatges[3] = \"Triple\";\n\t\t\t\treturn habitatges[id_tipus];\n\t}\n\n\n    var dateFormat = \"dd\/mm\/yy\",\n      from = jQuery( \"#data_entrada\" )\n        .datepicker({\n\t\t  dateFormat: \"dd\/mm\/yy\",\n          defaultDate: \"+1d\",\n          changeMonth: true,\n          numberOfMonths: 3,\n\t\t  minDate:  \"+1d\"\n        })\n        .on( \"change\", function() {\n          to.datepicker( \"option\", \"minDate\", getDate( this ) );\n        }),\n      to = jQuery( \"#data_sortida\" ).datepicker({\n        defaultDate: \"+1w\",\n\t\t  dateFormat: \"dd\/mm\/yy\",\n        changeMonth: true,\n        numberOfMonths: 3\n      })\n      .on( \"change\", function() {\n        from.datepicker( \"option\", \"maxDate\", getDate( this ) );\n      });\n \n    function getDate( element ) {\n      var date;\n      try {\n       \/\/ date = jQuery.datepicker.parseDate( dateFormat, element.value );\n\t\tdate=element.value;\n      } catch( error ) {\n        date = null;\n      }\n \n      return date;\n    }\t\n});\n<\/script><\/div><\/div><\/div><\/div><\/p>\n","protected":false},"excerpt":{"rendered":"","protected":false},"author":1,"featured_media":0,"parent":0,"menu_order":0,"comment_status":"closed","ping_status":"closed","template":"","meta":{"footnotes":""},"class_list":["post-5312","page","type-page","status-publish","hentry"],"_links":{"self":[{"href":"https:\/\/www.unihabit.com\/ca\/wp-json\/wp\/v2\/pages\/5312","targetHints":{"allow":["GET"]}}],"collection":[{"href":"https:\/\/www.unihabit.com\/ca\/wp-json\/wp\/v2\/pages"}],"about":[{"href":"https:\/\/www.unihabit.com\/ca\/wp-json\/wp\/v2\/types\/page"}],"author":[{"embeddable":true,"href":"https:\/\/www.unihabit.com\/ca\/wp-json\/wp\/v2\/users\/1"}],"replies":[{"embeddable":true,"href":"https:\/\/www.unihabit.com\/ca\/wp-json\/wp\/v2\/comments?post=5312"}],"version-history":[{"count":17,"href":"https:\/\/www.unihabit.com\/ca\/wp-json\/wp\/v2\/pages\/5312\/revisions"}],"predecessor-version":[{"id":7551,"href":"https:\/\/www.unihabit.com\/ca\/wp-json\/wp\/v2\/pages\/5312\/revisions\/7551"}],"wp:attachment":[{"href":"https:\/\/www.unihabit.com\/ca\/wp-json\/wp\/v2\/media?parent=5312"}],"curies":[{"name":"wp","href":"https:\/\/api.w.org\/{rel}","templated":true}]}}