{"id":5531,"date":"2021-03-01T13:04:44","date_gmt":"2021-03-01T11:04:44","guid":{"rendered":"https:\/\/www.unihabit.com\/?page_id=5531"},"modified":"2023-10-11T16:23:00","modified_gmt":"2023-10-11T14:23:00","slug":"detalls-sobre-el-proces-de-pagament","status":"publish","type":"page","link":"https:\/\/www.unihabit.com\/ca\/detalls-sobre-el-proces-de-pagament\/","title":{"rendered":"Detalls sobre el proc\u00e9s de pagament"},"content":{"rendered":"<div class=\"fusion-fullwidth fullwidth-box fusion-builder-row-1 fusion-flex-container nonhundred-percent-fullwidth non-hundred-percent-height-scrolling\" style=\"--awb-border-radius-top-left:0px;--awb-border-radius-top-right:0px;--awb-border-radius-bottom-right:0px;--awb-border-radius-bottom-left:0px;--awb-flex-wrap:wrap;\" ><div class=\"fusion-builder-row fusion-row fusion-flex-align-items-flex-start fusion-flex-content-wrap\" style=\"max-width:1248px;margin-left: calc(-4% \/ 2 );margin-right: calc(-4% \/ 2 );\"><div class=\"fusion-layout-column fusion_builder_column fusion-builder-column-0 fusion_builder_column_1_1 1_1 fusion-flex-column\" style=\"--awb-bg-size:cover;--awb-width-large:100%;--awb-margin-top-large:0px;--awb-spacing-right-large:1.92%;--awb-margin-bottom-large:20px;--awb-spacing-left-large:1.92%;--awb-width-medium:100%;--awb-order-medium:0;--awb-spacing-right-medium:1.92%;--awb-spacing-left-medium:1.92%;--awb-width-small:100%;--awb-order-small:0;--awb-spacing-right-small:1.92%;--awb-spacing-left-small:1.92%;\"><div class=\"fusion-column-wrapper fusion-column-has-shadow fusion-flex-justify-content-flex-start fusion-content-layout-column\"><div class=\"fusion-text fusion-text-1\"><div class=\"wpb_text_column wpb_content_element \">\n<div class=\"wpb_wrapper\">\n<div class=\"wpb_text_column wpb_content_element \">\n<div class=\"wpb_wrapper\">\n<p>Els 200 euros en concepte de fian\u00e7a podran ser ingressats:<\/p>\n<\/div>\n<\/div>\n<\/div>\n<\/div>\n<div class=\"vc_tta-container\" data-vc-action=\"collapseAll\">\n<div class=\"vc_general vc_tta vc_tta-accordion vc_tta-color-white vc_tta-style-flat vc_tta-shape-square vc_tta-o-shape-group vc_tta-gap-10 vc_tta-controls-align-left vc_tta-o-no-fill vc_tta-o-all-clickable\">\n<div class=\"vc_tta-panels-container\">\n<div class=\"vc_tta-panels\">\n<div id=\"targeta-de-credit\" class=\"vc_tta-panel vc_active\" data-vc-content=\".vc_tta-panel-body\"><\/div>\n<\/div>\n<\/div>\n<\/div>\n<\/div>\n<\/div><div class=\"accordian fusion-accordian\" style=\"--awb-border-size:1px;--awb-icon-size:16px;--awb-content-font-size:16px;--awb-icon-alignment:left;--awb-hover-color:#f9f9fb;--awb-border-color:#e2e2e2;--awb-background-color:#ffffff;--awb-divider-color:#e2e2e2;--awb-divider-hover-color:#e2e2e2;--awb-icon-color:#ffffff;--awb-title-color:#d6061e;--awb-content-color:#000000;--awb-icon-box-color:#212934;--awb-toggle-hover-accent-color:#d6061e;--awb-title-font-family:&quot;Source Sans Pro&quot;;--awb-title-font-weight:700;--awb-title-font-style:normal;--awb-title-font-size:28px;--awb-content-font-family:&quot;Source Sans Pro&quot;;--awb-content-font-style:normal;--awb-content-font-weight:regular;\"><div class=\"panel-group fusion-toggle-icon-boxed\" id=\"accordion-5531-1\"><div class=\"fusion-panel panel-default panel-97c7bb4645f4a286a fusion-toggle-has-divider\"><div class=\"panel-heading\"><h4 class=\"panel-title toggle\" id=\"toggle_97c7bb4645f4a286a\"><a aria-expanded=\"false\" aria-controls=\"97c7bb4645f4a286a\" role=\"button\" data-toggle=\"collapse\" data-parent=\"#accordion-5531-1\" data-target=\"#97c7bb4645f4a286a\" href=\"#97c7bb4645f4a286a\"><span class=\"fusion-toggle-icon-wrapper\" aria-hidden=\"true\"><i class=\"fa-fusion-box active-icon awb-icon-minus\" aria-hidden=\"true\"><\/i><i class=\"fa-fusion-box inactive-icon awb-icon-plus\" aria-hidden=\"true\"><\/i><\/span><span class=\"fusion-toggle-heading\">Mitjan\u00e7ant targeta de cr\u00e8dit<\/span><\/a><\/h4><\/div><div id=\"97c7bb4645f4a286a\" class=\"panel-collapse collapse \" aria-labelledby=\"toggle_97c7bb4645f4a286a\"><div class=\"panel-body toggle-content fusion-clearfix\">Al final de la reserva trobar\u00e0s un enlla\u00e7 per poder fer el pagament<\/div><\/div><\/div><div class=\"fusion-panel panel-default panel-10d5942c603d894aa fusion-toggle-has-divider\" style=\"--awb-title-color:#d6061e;--awb-content-color:#000000;\"><div class=\"panel-heading\"><h4 class=\"panel-title toggle\" id=\"toggle_10d5942c603d894aa\"><a aria-expanded=\"false\" aria-controls=\"10d5942c603d894aa\" role=\"button\" data-toggle=\"collapse\" data-parent=\"#accordion-5531-1\" data-target=\"#10d5942c603d894aa\" href=\"#10d5942c603d894aa\"><span class=\"fusion-toggle-icon-wrapper\" aria-hidden=\"true\"><i class=\"fa-fusion-box active-icon awb-icon-minus\" aria-hidden=\"true\"><\/i><i class=\"fa-fusion-box inactive-icon awb-icon-plus\" aria-hidden=\"true\"><\/i><\/span><span class=\"fusion-toggle-heading\">Mitjan\u00e7ant transfer\u00e8ncia banc\u00e0ria a un compte corrent<\/span><\/a><\/h4><\/div><div id=\"10d5942c603d894aa\" class=\"panel-collapse collapse \" aria-labelledby=\"toggle_10d5942c603d894aa\"><div class=\"panel-body toggle-content fusion-clearfix\">\n<div class=\"vc_tta-panel-heading\">\n<h4 class=\"vc_tta-panel-title vc_tta-controls-icon-position-left\">FIAN\u00c7A PER A LA RESERVA D&#8217;HABITATGE A BARCELONA &#8211; CIUTAT VELLA<\/h4>\n<\/div>\n<div class=\"vc_tta-panel-body\">\n<div id=\"1457691419211-bb374f97-b413\" class=\"vc_toggle vc_toggle_default vc_toggle_color_default vc_toggle_size_md vc_toggle_active\">\n<div class=\"vc_toggle_content\">\n<p>UNIHABIT S.L.<br \/>\nIBAN\/BIC: ES76 0081 5098 6400 0130 5637 \/ BSABESBBXXX<br \/>\nBANC SABADELL \u2013 CINTAIRES, 2 \u2013 08221 TERRASSA<\/p>\n<\/div>\n<\/div>\n<div id=\"1457691496060-d8f95ec4-d6b8\" class=\"vc_toggle vc_toggle_default vc_toggle_color_default vc_toggle_size_md vc_toggle_active\">\n<div class=\"vc_toggle_title\">\n<h4>FIAN\u00c7A PER A LA RESERVA D\u2019HABITATGE A BARCELONA &#8211; GR\u00c0CIA<\/h4>\n<\/div>\n<div class=\"vc_toggle_content\">\n<p>MULTIHABIT 2013 S.L.<br \/>\nIBAN\/BIC: ES69 0081 5098 6900 0130 4936 \/ BSABESBBXXX<br \/>\nBANC SABADELL- CINTAIRES, 2 \u2013 08221 TERRASSA<\/p>\n<\/div>\n<\/div>\n<div id=\"1457691526445-0fbd3064-c299\" class=\"vc_toggle vc_toggle_default vc_toggle_color_default vc_toggle_size_md vc_toggle_active\">\n<div class=\"vc_toggle_title\">\n<h4>FIAN\u00c7A PER A LA RESERVA D\u2019HABITATGE A SANT CUGAT<\/h4>\n<\/div>\n<div class=\"vc_toggle_content\">\n<p>UTE CAMPUS SANT CUGAT<br \/>\nIBAN\/BIC: ES89 0182 5410 1102 0164 7592 \/ BBVAESMMXXX<br \/>\nBBVA \u2013 ANGEL GUIMERA, 30 \u2013 08242 MANRESA<\/p>\n<\/div>\n<\/div>\n<div id=\"1457691551545-4d6f1555-035a\" class=\"vc_toggle vc_toggle_default vc_toggle_color_default vc_toggle_size_md vc_toggle_active\">\n<div class=\"vc_toggle_title\">\n<h4>FIAN\u00c7A PER A LA RESERVA D\u2019HABITATGE A GIRONA<\/h4>\n<\/div>\n<div class=\"vc_toggle_content\">\n<p>UTE COMPACT-HABIT CAMPUS GIRONA<br \/>\nIBAN\/BIC: ES46 0081 5098 6400 0129 1336 \/ BSABESBBXXX<br \/>\nBANC SABADELL \u2013 CINTAIRES, 2 \u2013 08221 TERRASSA<\/p>\n<\/div>\n<\/div>\n<div id=\"1457691551545-4d6f1555-035a\" class=\"vc_toggle vc_toggle_default vc_toggle_color_default vc_toggle_size_md vc_toggle_active\">\n<div class=\"vc_toggle_title\">\n<h4>FIAN\u00c7A PER A LA RESERVA D\u2019HABITATGE A MANRESA<\/h4>\n<\/div>\n<div class=\"vc_toggle_content\">\n<p>UNIHABIT CAMPUS MANRESA S.L.<br \/>\nIBAN\/BIC: ES78 0081 5098 6000 0129 1732 \/ BSABESBBXXX<br \/>\nBANC SABADELL \u2013 CINTAIRES, 2 \u2013 08221 TERRASSA<\/p>\n<\/div>\n<\/div>\n<\/div>\n<\/div><\/div><\/div><\/div><\/div><div class=\"fusion-text fusion-text-2\"><ul>\n<li>En cas de ser admesos, aquesta quantitat anir\u00e0 a compte de la fian\u00e7a definitiva de dues mensualitats del lloguer.<\/li>\n<li>En cas que no quedin places disponibles es retornar\u00e0 aquest import als sol\u00b7licitants que no hagin estat admesos.<\/li>\n<li>En cas que el sol\u00b7licitant hagi estat adm\u00e8s per\u00f2 renunci\u00ef a la seva pla\u00e7a, la fian\u00e7a no ser\u00e0 retornada.<\/li>\n<\/ul>\n<p>Recordeu que cal fer arribar el comprovant bancari de l\u2019ingr\u00e9s juntament amb la resta de la documentaci\u00f3 sol\u00b7licitada en el proc\u00e9s de reserva.<\/p>\n<\/div><\/div><\/div><\/div><\/div>\n","protected":false},"excerpt":{"rendered":"","protected":false},"author":1,"featured_media":0,"parent":0,"menu_order":0,"comment_status":"closed","ping_status":"closed","template":"","meta":{"footnotes":""},"class_list":["post-5531","page","type-page","status-publish","hentry"],"_links":{"self":[{"href":"https:\/\/www.unihabit.com\/ca\/wp-json\/wp\/v2\/pages\/5531","targetHints":{"allow":["GET"]}}],"collection":[{"href":"https:\/\/www.unihabit.com\/ca\/wp-json\/wp\/v2\/pages"}],"about":[{"href":"https:\/\/www.unihabit.com\/ca\/wp-json\/wp\/v2\/types\/page"}],"author":[{"embeddable":true,"href":"https:\/\/www.unihabit.com\/ca\/wp-json\/wp\/v2\/users\/1"}],"replies":[{"embeddable":true,"href":"https:\/\/www.unihabit.com\/ca\/wp-json\/wp\/v2\/comments?post=5531"}],"version-history":[{"count":4,"href":"https:\/\/www.unihabit.com\/ca\/wp-json\/wp\/v2\/pages\/5531\/revisions"}],"predecessor-version":[{"id":11480,"href":"https:\/\/www.unihabit.com\/ca\/wp-json\/wp\/v2\/pages\/5531\/revisions\/11480"}],"wp:attachment":[{"href":"https:\/\/www.unihabit.com\/ca\/wp-json\/wp\/v2\/media?parent=5531"}],"curies":[{"name":"wp","href":"https:\/\/api.w.org\/{rel}","templated":true}]}}